{"id":4,"date":"2015-11-13T10:40:08","date_gmt":"2015-11-13T09:40:08","guid":{"rendered":"http:\/\/herve-loevenbruck.com\/?page_id=4"},"modified":"2022-05-31T09:50:44","modified_gmt":"2022-05-31T08:50:44","slug":"a-propos-web-marketing","status":"publish","type":"page","link":"https:\/\/herve-loevenbruck.com\/?page_id=4","title":{"rendered":"A PROPOS"},"content":{"rendered":"<div id=\"attachment_121\" style=\"width: 510px\" class=\"wp-caption aligncenter\"><a href=\"http:\/\/herve-loevenbruck.com\/wp-content\/uploads\/2015\/11\/H4.jpg\"><img aria-describedby=\"caption-attachment-121\" loading=\"lazy\" class=\"wp-image-121 size-full\" title=\"Portrait d'Herv\u00e9 Loevenbruck\" src=\"http:\/\/herve-loevenbruck.com\/wp-content\/uploads\/2015\/11\/H4.jpg\" alt=\"Portrait Herv\u00e9 Loevenbruck\" width=\"500\" height=\"500\" srcset=\"https:\/\/herve-loevenbruck.com\/wp-content\/uploads\/2015\/11\/H4.jpg 500w, https:\/\/herve-loevenbruck.com\/wp-content\/uploads\/2015\/11\/H4-150x150.jpg 150w, https:\/\/herve-loevenbruck.com\/wp-content\/uploads\/2015\/11\/H4-300x300.jpg 300w, https:\/\/herve-loevenbruck.com\/wp-content\/uploads\/2015\/11\/H4-90x90.jpg 90w, https:\/\/herve-loevenbruck.com\/wp-content\/uploads\/2015\/11\/H4-220x220.jpg 220w\" sizes=\"(max-width: 500px) 100vw, 500px\" \/><\/a><p id=\"caption-attachment-121\" class=\"wp-caption-text\">Herv\u00e9 Loevenbruck<\/p><\/div>\n<p style=\"text-align: justify;\">\u00a0<a href=\"http:\/\/herve-loevenbruck.com\/wp-content\/uploads\/2015\/11\/H23.jpg\"><br \/><\/a><\/p>\n<p style=\"text-align: justify;\">\u00ab\u00a0Il faut r\u00e9fl\u00e9chir aux choses importantes avant de les entreprendre.\u00a0\u00bb Goethe.<\/p>\n<p style=\"text-align: justify;\">Selon vos sp\u00e9cificit\u00e9s et vos attentes, j&rsquo;interviens pour identifier les choses importantes sous forme d&rsquo;audit, de conseil, de formation ou d&rsquo;accompagnement de votre \u00e9volution digitale.<\/p>\n<p style=\"text-align: justify;\">En effet, l\u2019image d\u2019une entreprise sur internet (e-r\u00e9putation ou visibilit\u00e9) ou d&rsquo;une personne d\u00e9bute par un bon site web ou un bon profil professionnel (<a href=\"https:\/\/fr.linkedin.com\/in\/herveloevenbruck\" target=\"_blank\" rel=\"noopener noreferrer\">Linkedin<\/a> par exemple), ce qui favorise une bonne communication digitale. De plus, le r\u00e9f\u00e9rencement naturel ou <a href=\"https:\/\/www.seo.fr\/encyclopedie\/seo-definition\/\" target=\"_blank\" rel=\"noopener noreferrer\">SEO<\/a> a beaucoup \u00e9volu\u00e9 avec la pr\u00e9pond\u00e9rance des m\u00e9dias sociaux et la gestion de contenus\u2026 C&rsquo;est l\u00e0 o\u00f9 le community management prend tout son sens \ud83d\ude42<\/p>\n<div id=\"attachment_131\" style=\"width: 390px\" class=\"wp-caption aligncenter\"><a href=\"http:\/\/herve-loevenbruck.com\/wp-content\/uploads\/2015\/11\/CM3.jpg\"><img aria-describedby=\"caption-attachment-131\" loading=\"lazy\" class=\" wp-image-131\" src=\"http:\/\/herve-loevenbruck.com\/wp-content\/uploads\/2015\/11\/CM3.jpg\" alt=\"Community management\" width=\"380\" height=\"158\" \/><\/a><p id=\"caption-attachment-131\" class=\"wp-caption-text\">Community management<\/p><\/div>\n<p style=\"text-align: justify;\">Enfin, l\u2019accompagnement, la formation et la p\u00e9dagogie sont fondamentaux : j\u2019interviens au sein d\u2019organismes (<a href=\"http:\/\/www.image-formation.com\/\" target=\"_blank\" rel=\"noopener noreferrer\">Centre de formation Image<\/a> \u00e0 N\u00eemes, <a href=\"http:\/\/www.objectif3w.com\/\" target=\"_blank\" rel=\"noopener noreferrer\">Objectif 3W<\/a>\u00a0\u00e0 Montferrier, etc.) et au sein de l\u2019universit\u00e9 de Montpellier en licence (<a href=\"http:\/\/staps.edu.umontpellier.fr\/\" target=\"_blank\" rel=\"noopener noreferrer\">UFR STAPS<\/a>) , entre autres dans des cadres tels que le Web Marketing, le marketing communautaire\u2026<\/p>\n","protected":false},"excerpt":{"rendered":"<p>\u00a0 \u00ab\u00a0Il faut r\u00e9fl\u00e9chir aux choses importantes avant de les entreprendre.\u00a0\u00bb Goethe. Selon vos sp\u00e9cificit\u00e9s et vos attentes, j&rsquo;interviens pour identifier les choses importantes sous forme d&rsquo;audit, de conseil, de formation ou d&rsquo;accompagnement de votre&#8230;<\/p>\n","protected":false},"author":1,"featured_media":0,"parent":0,"menu_order":0,"comment_status":"closed","ping_status":"closed","template":"","meta":{"_mi_skip_tracking":false},"yoast_head":"<!-- This site is optimized with the Yoast SEO plugin v17.5 - https:\/\/yoast.com\/wordpress\/plugins\/seo\/ -->\n<title>Web Marketing Montpellier et Occitanie. Formation et accompagnement des entreprises. Herv\u00e9 Loevenbruck.<\/title>\n<meta name=\"description\" content=\"J&#039;interviens pour identifier les choses importantes sous forme d&#039;audit, de conseil, de formation ou d&#039;accompagnement de votre \u00e9volution digitale.\" \/>\n<meta name=\"robots\" content=\"index, follow, max-snippet:-1, max-image-preview:large, max-video-preview:-1\" \/>\n<link rel=\"canonical\" href=\"https:\/\/herve-loevenbruck.com\/?page_id=4\" \/>\n<meta property=\"og:locale\" content=\"fr_FR\" \/>\n<meta property=\"og:type\" content=\"article\" \/>\n<meta property=\"og:title\" content=\"Web Marketing Montpellier et Occitanie. Formation et accompagnement des entreprises. Herv\u00e9 Loevenbruck.\" \/>\n<meta property=\"og:description\" content=\"J&#039;interviens pour identifier les choses importantes sous forme d&#039;audit, de conseil, de formation ou d&#039;accompagnement de votre \u00e9volution digitale.\" \/>\n<meta property=\"og:url\" content=\"https:\/\/herve-loevenbruck.com\/?page_id=4\" \/>\n<meta property=\"og:site_name\" content=\"DIGITAL Marketing &amp; e-R\u00e9putation \/ FORMATION \/ Community Management \/ RGPD \/ Montpellier Grand Sud \/ 06 77 08 64 64\" \/>\n<meta property=\"article:publisher\" content=\"https:\/\/www.facebook.com\/herve.loevenbruck\" \/>\n<meta property=\"article:modified_time\" content=\"2022-05-31T08:50:44+00:00\" \/>\n<meta property=\"og:image\" content=\"http:\/\/herve-loevenbruck.com\/wp-content\/uploads\/2015\/11\/H4.jpg\" \/>\n<meta name=\"twitter:card\" content=\"summary_large_image\" \/>\n<meta name=\"twitter:site\" content=\"@Rv_Loevenbruck\" \/>\n<meta name=\"twitter:label1\" content=\"Dur\u00e9e de lecture est.\" \/>\n\t<meta name=\"twitter:data1\" content=\"1 minute\" \/>\n<script type=\"application\/ld+json\" class=\"yoast-schema-graph\">{\"@context\":\"https:\/\/schema.org\",\"@graph\":[{\"@type\":\"WebSite\",\"@id\":\"https:\/\/herve-loevenbruck.com\/#website\",\"url\":\"https:\/\/herve-loevenbruck.com\/\",\"name\":\"DIGITAL Marketing &amp; e-R\\u00e9putation \/ FORMATION \/ Community Management \/ RGPD \/ Montpellier Grand Sud \/ 06 77 08 64 64\",\"description\":\"Le cyberfolio d&#039;Herv\\u00e9 Loevenbruck\",\"potentialAction\":[{\"@type\":\"SearchAction\",\"target\":{\"@type\":\"EntryPoint\",\"urlTemplate\":\"https:\/\/herve-loevenbruck.com\/?s={search_term_string}\"},\"query-input\":\"required name=search_term_string\"}],\"inLanguage\":\"fr-FR\"},{\"@type\":\"ImageObject\",\"@id\":\"https:\/\/herve-loevenbruck.com\/?page_id=4#primaryimage\",\"inLanguage\":\"fr-FR\",\"url\":\"http:\/\/herve-loevenbruck.com\/wp-content\/uploads\/2015\/11\/H4.jpg\",\"contentUrl\":\"http:\/\/herve-loevenbruck.com\/wp-content\/uploads\/2015\/11\/H4.jpg\"},{\"@type\":\"WebPage\",\"@id\":\"https:\/\/herve-loevenbruck.com\/?page_id=4#webpage\",\"url\":\"https:\/\/herve-loevenbruck.com\/?page_id=4\",\"name\":\"Web Marketing Montpellier et Occitanie. Formation et accompagnement des entreprises. Herv\\u00e9 Loevenbruck.\",\"isPartOf\":{\"@id\":\"https:\/\/herve-loevenbruck.com\/#website\"},\"primaryImageOfPage\":{\"@id\":\"https:\/\/herve-loevenbruck.com\/?page_id=4#primaryimage\"},\"datePublished\":\"2015-11-13T09:40:08+00:00\",\"dateModified\":\"2022-05-31T08:50:44+00:00\",\"description\":\"J'interviens pour identifier les choses importantes sous forme d'audit, de conseil, de formation ou d'accompagnement de votre \\u00e9volution digitale.\",\"breadcrumb\":{\"@id\":\"https:\/\/herve-loevenbruck.com\/?page_id=4#breadcrumb\"},\"inLanguage\":\"fr-FR\",\"potentialAction\":[{\"@type\":\"ReadAction\",\"target\":[\"https:\/\/herve-loevenbruck.com\/?page_id=4\"]}]},{\"@type\":\"BreadcrumbList\",\"@id\":\"https:\/\/herve-loevenbruck.com\/?page_id=4#breadcrumb\",\"itemListElement\":[{\"@type\":\"ListItem\",\"position\":1,\"name\":\"Accueil\",\"item\":\"https:\/\/herve-loevenbruck.com\/\"},{\"@type\":\"ListItem\",\"position\":2,\"name\":\"A PROPOS\"}]}]}<\/script>\n<!-- \/ Yoast SEO plugin. -->","yoast_head_json":{"title":"Web Marketing Montpellier et Occitanie. Formation et accompagnement des entreprises. Herv\u00e9 Loevenbruck.","description":"J'interviens pour identifier les choses importantes sous forme d'audit, de conseil, de formation ou d'accompagnement de votre \u00e9volution digitale.","robots":{"index":"index","follow":"follow","max-snippet":"max-snippet:-1","max-image-preview":"max-image-preview:large","max-video-preview":"max-video-preview:-1"},"canonical":"https:\/\/herve-loevenbruck.com\/?page_id=4","og_locale":"fr_FR","og_type":"article","og_title":"Web Marketing Montpellier et Occitanie. Formation et accompagnement des entreprises. Herv\u00e9 Loevenbruck.","og_description":"J'interviens pour identifier les choses importantes sous forme d'audit, de conseil, de formation ou d'accompagnement de votre \u00e9volution digitale.","og_url":"https:\/\/herve-loevenbruck.com\/?page_id=4","og_site_name":"DIGITAL Marketing &amp; e-R\u00e9putation \/ FORMATION \/ Community Management \/ RGPD \/ Montpellier Grand Sud \/ 06 77 08 64 64","article_publisher":"https:\/\/www.facebook.com\/herve.loevenbruck","article_modified_time":"2022-05-31T08:50:44+00:00","og_image":[{"url":"http:\/\/herve-loevenbruck.com\/wp-content\/uploads\/2015\/11\/H4.jpg"}],"twitter_card":"summary_large_image","twitter_site":"@Rv_Loevenbruck","twitter_misc":{"Dur\u00e9e de lecture est.":"1 minute"},"schema":{"@context":"https:\/\/schema.org","@graph":[{"@type":"WebSite","@id":"https:\/\/herve-loevenbruck.com\/#website","url":"https:\/\/herve-loevenbruck.com\/","name":"DIGITAL Marketing &amp; e-R\u00e9putation \/ FORMATION \/ Community Management \/ RGPD \/ Montpellier Grand Sud \/ 06 77 08 64 64","description":"Le cyberfolio d&#039;Herv\u00e9 Loevenbruck","potentialAction":[{"@type":"SearchAction","target":{"@type":"EntryPoint","urlTemplate":"https:\/\/herve-loevenbruck.com\/?s={search_term_string}"},"query-input":"required name=search_term_string"}],"inLanguage":"fr-FR"},{"@type":"ImageObject","@id":"https:\/\/herve-loevenbruck.com\/?page_id=4#primaryimage","inLanguage":"fr-FR","url":"http:\/\/herve-loevenbruck.com\/wp-content\/uploads\/2015\/11\/H4.jpg","contentUrl":"http:\/\/herve-loevenbruck.com\/wp-content\/uploads\/2015\/11\/H4.jpg"},{"@type":"WebPage","@id":"https:\/\/herve-loevenbruck.com\/?page_id=4#webpage","url":"https:\/\/herve-loevenbruck.com\/?page_id=4","name":"Web Marketing Montpellier et Occitanie. Formation et accompagnement des entreprises. Herv\u00e9 Loevenbruck.","isPartOf":{"@id":"https:\/\/herve-loevenbruck.com\/#website"},"primaryImageOfPage":{"@id":"https:\/\/herve-loevenbruck.com\/?page_id=4#primaryimage"},"datePublished":"2015-11-13T09:40:08+00:00","dateModified":"2022-05-31T08:50:44+00:00","description":"J'interviens pour identifier les choses importantes sous forme d'audit, de conseil, de formation ou d'accompagnement de votre \u00e9volution digitale.","breadcrumb":{"@id":"https:\/\/herve-loevenbruck.com\/?page_id=4#breadcrumb"},"inLanguage":"fr-FR","potentialAction":[{"@type":"ReadAction","target":["https:\/\/herve-loevenbruck.com\/?page_id=4"]}]},{"@type":"BreadcrumbList","@id":"https:\/\/herve-loevenbruck.com\/?page_id=4#breadcrumb","itemListElement":[{"@type":"ListItem","position":1,"name":"Accueil","item":"https:\/\/herve-loevenbruck.com\/"},{"@type":"ListItem","position":2,"name":"A PROPOS"}]}]}},"_links":{"self":[{"href":"https:\/\/herve-loevenbruck.com\/index.php?rest_route=\/wp\/v2\/pages\/4"}],"collection":[{"href":"https:\/\/herve-loevenbruck.com\/index.php?rest_route=\/wp\/v2\/pages"}],"about":[{"href":"https:\/\/herve-loevenbruck.com\/index.php?rest_route=\/wp\/v2\/types\/page"}],"author":[{"embeddable":true,"href":"https:\/\/herve-loevenbruck.com\/index.php?rest_route=\/wp\/v2\/users\/1"}],"replies":[{"embeddable":true,"href":"https:\/\/herve-loevenbruck.com\/index.php?rest_route=%2Fwp%2Fv2%2Fcomments&post=4"}],"version-history":[{"count":20,"href":"https:\/\/herve-loevenbruck.com\/index.php?rest_route=\/wp\/v2\/pages\/4\/revisions"}],"predecessor-version":[{"id":215,"href":"https:\/\/herve-loevenbruck.com\/index.php?rest_route=\/wp\/v2\/pages\/4\/revisions\/215"}],"wp:attachment":[{"href":"https:\/\/herve-loevenbruck.com\/index.php?rest_route=%2Fwp%2Fv2%2Fmedia&parent=4"}],"curies":[{"name":"wp","href":"https:\/\/api.w.org\/{rel}","templated":true}]}}