{"id":50,"date":"2015-11-13T12:18:14","date_gmt":"2015-11-13T11:18:14","guid":{"rendered":"http:\/\/herve-loevenbruck.com\/?page_id=50"},"modified":"2021-11-09T10:55:08","modified_gmt":"2021-11-09T09:55:08","slug":"references-herve-loevenbruck","status":"publish","type":"page","link":"https:\/\/herve-loevenbruck.com\/?page_id=50","title":{"rendered":"REFERENCES"},"content":{"rendered":"<p style=\"text-align: justify;\">Voici quelques r\u00e9f\u00e9rences, entre autres, dans la gestion de la visibilit\u00e9 d\u2019entreprises.<\/p>\n<p style=\"text-align: justify;\">Le web marketing, l\u2019animation des r\u00e9seaux sociaux, la cr\u00e9ation et le r\u00e9f\u00e9rencement de sites web (sous wordpress) et enfin la formation et l\u2019enseignement sup\u00e9rieur. Le conseil, l&rsquo;accompagnement et la transmission sont au c\u0153ur de mes prestations.<\/p>\n<p><strong>E-r\u00e9putation :<\/strong><\/p>\n<\/p>\n<p><strong>Community Management :<\/strong><\/p>\n<p>\u2013\u00a0<a title=\"Compte Twitter\" href=\"https:\/\/twitter.com\/Direct_Produit\" target=\"_blank\" rel=\"noopener noreferrer\">Direct Produit<\/a>\u00a0(<span class=\"st\">Distribution BtoB en immobilier d\u2019investissement<\/span>).<\/p>\n<p><a href=\"http:\/\/bit.ly\/1NOSUag\" target=\"_blank\" rel=\"noopener noreferrer\"><img loading=\"lazy\" class=\"size-full wp-image-81 aligncenter\" src=\"http:\/\/herve-loevenbruck.com\/wp-content\/uploads\/2015\/11\/DP.jpg\" alt=\"DP\" width=\"327\" height=\"154\" srcset=\"https:\/\/herve-loevenbruck.com\/wp-content\/uploads\/2015\/11\/DP.jpg 327w, https:\/\/herve-loevenbruck.com\/wp-content\/uploads\/2015\/11\/DP-300x141.jpg 300w\" sizes=\"(max-width: 327px) 100vw, 327px\" \/><\/a><\/p>\n<\/p>\n<p>\u2013\u00a0<a title=\"Site web\" href=\"https:\/\/loevenbruck.wordpress.com\/references\/www.pierre-eau-vive.com\" target=\"_blank\" rel=\"noopener noreferrer\">Pierre d\u2019Eau Vive<\/a>\u00a0(dynamisation de l\u2019eau).<\/p>\n<p><a href=\"http:\/\/www.pierre-eau-vive.com\/\" target=\"_blank\" rel=\"noopener noreferrer\"><img loading=\"lazy\" class=\"aligncenter wp-image-79 size-full\" src=\"http:\/\/herve-loevenbruck.com\/wp-content\/uploads\/2015\/11\/PEV.jpg\" alt=\"PEV\" width=\"1000\" height=\"220\" srcset=\"https:\/\/herve-loevenbruck.com\/wp-content\/uploads\/2015\/11\/PEV.jpg 1000w, https:\/\/herve-loevenbruck.com\/wp-content\/uploads\/2015\/11\/PEV-300x66.jpg 300w, https:\/\/herve-loevenbruck.com\/wp-content\/uploads\/2015\/11\/PEV-640x141.jpg 640w\" sizes=\"(max-width: 1000px) 100vw, 1000px\" \/><\/a><\/p>\n<\/p>\n<p><strong>Sites internet avec contenu r\u00e9dactionnel et r\u00e9f\u00e9rencement :<\/strong><\/p>\n<ul>\n<li><a title=\"Ligue d'Alsace des sports de contact\" href=\"http:\/\/www.alsace-sportdecontact.fr\/\" target=\"_blank\" rel=\"noopener noreferrer\">LAKMDA<\/a>\u00a0(Ligue d\u2019Alsace de Kick Boxing, Muay thai et DA).<\/li>\n<li>Entreprise Damois (plomberie, chauffage, climatisation, \u00e9nergie solaire).<\/li>\n<li>Soci\u00e9t\u00e9 <a href=\"http:\/\/www.necobac.com\/\">NECOBAC<\/a> (aire de lavage mobile destin\u00e9e aux m\u00e9tiers du gros \u0153uvre en b\u00e2timent).<\/li>\n<\/ul>\n<p>\u00a0\u00a0\u00a0\u00a0\u00a0\u00a0\u00a0\u00a0\u00a0\u00a0\u00a0\u00a0\u00a0\u00a0\u00a0\u00a0\u00a0\u00a0\u00a0\u00a0\u00a0\u00a0\u00a0\u00a0\u00a0\u00a0\u00a0\u00a0\u00a0\u00a0\u00a0\u00a0\u00a0\u00a0\u00a0\u00a0\u00a0\u00a0\u00a0\u00a0\u00a0\u00a0\u00a0\u00a0\u00a0\u00a0\u00a0\u00a0\u00a0\u00a0\u00a0 <a href=\"http:\/\/entreprisedamois.fr\/\" target=\"_blank\" rel=\"noopener noreferrer\"><img loading=\"lazy\" class=\"size-full wp-image-85 aligncenter\" src=\"http:\/\/herve-loevenbruck.com\/wp-content\/uploads\/2015\/11\/Damois_Robinetterie.jpg\" alt=\"Damois_Robinetterie\" width=\"300\" height=\"200\" \/><\/a><\/p>\n<\/p>\n<p><strong>Formation (community management, web marketing) :<\/strong><\/p>\n<div id=\"attachment_67\" style=\"width: 182px\" class=\"wp-caption aligncenter\"><a href=\"http:\/\/www.freecadre.fr\/\" target=\"_blank\" rel=\"noopener noreferrer\"><img aria-describedby=\"caption-attachment-67\" loading=\"lazy\" class=\"wp-image-67\" src=\"http:\/\/herve-loevenbruck.com\/wp-content\/uploads\/2015\/11\/FREE-CADRE.jpg\" alt=\"FREE CADRE\" width=\"172\" height=\"98\" \/><\/a><p id=\"caption-attachment-67\" class=\"wp-caption-text\">Portage salarial<\/p><\/div>\n<p><a href=\"http:\/\/www.sud-de-france.com\/\" target=\"_blank\" rel=\"noopener noreferrer\"><img loading=\"lazy\" class=\"alignleft wp-image-65\" title=\"Marque Sud de France\" src=\"http:\/\/herve-loevenbruck.com\/wp-content\/uploads\/2015\/11\/SUD-DE-FRANCE-2.jpg\" alt=\"Marque Sud de France\" width=\"160\" height=\"163\" \/><\/a><a href=\"http:\/\/herve-loevenbruck.com\/wp-content\/uploads\/2015\/11\/EUGENE-ET-MARIE.jpg\"><img loading=\"lazy\" class=\"wp-image-66 alignright\" src=\"http:\/\/herve-loevenbruck.com\/wp-content\/uploads\/2015\/11\/EUGENE-ET-MARIE.jpg\" alt=\"EUGENE ET MARIE\" width=\"291\" height=\"161\" \/><\/a><\/p>\n<\/p>\n<\/p>\n<\/p>\n<p><strong>Enseignement :<br \/>\n<\/strong><\/p>\n<ul>\n<li style=\"text-align: center;\"><span style=\"color: #ff0000;\">Universit\u00e9 Paul Val\u00e9ry <span style=\"text-decoration: underline;\">INFOCOM ITIC<\/span> \u2013 Montpellier III (Licence) ET UFR STAPS :<\/span><\/li>\n<\/ul>\n<p><a href=\"http:\/\/itic.univ-montp3.fr\/\" target=\"_blank\" rel=\"noopener noreferrer\"><img loading=\"lazy\" class=\"wp-image-62 aligncenter\" src=\"http:\/\/herve-loevenbruck.com\/wp-content\/uploads\/2015\/11\/logo-um3.jpg\" alt=\"logo um3\" width=\"228\" height=\"148\" \/><\/a><\/p>\n<div id=\"attachment_183\" style=\"width: 260px\" class=\"wp-caption aligncenter\"><img aria-describedby=\"caption-attachment-183\" loading=\"lazy\" class=\"size-full wp-image-183\" src=\"https:\/\/herve-loevenbruck.com\/wp-content\/uploads\/2015\/11\/UFR-STAPS-e1521577389723.jpg\" alt=\"Facult\u00e9 de sport\" width=\"250\" height=\"250\" \/><p id=\"caption-attachment-183\" class=\"wp-caption-text\"><a href=\"http:\/\/staps.edu.umontpellier.fr\/\" target=\"_blank\" rel=\"noopener noreferrer\"><strong>Facult\u00e9 de sport &#8211; UFR\u00a0<\/strong><\/a><\/p><\/div>\n<ul>\n<li style=\"text-align: center;\"><span style=\"color: #ff0000;\"><span style=\"text-decoration: underline;\">IDRAC\u00a0\/ SUP DE COM<\/span> (Bachelor et Master).<\/span><\/li>\n<\/ul>\n<p><a href=\"http:\/\/www.ecoles-idrac.com\/\" target=\"_blank\" rel=\"noopener noreferrer\"><img loading=\"lazy\" class=\"size-full wp-image-63 aligncenter\" src=\"http:\/\/herve-loevenbruck.com\/wp-content\/uploads\/2015\/11\/idrac_sup-de_com.png\" alt=\"idrac_sup-de_com\" width=\"242\" height=\"150\" \/><\/a><\/p>\n<ul>\n<li style=\"text-align: center;\"><span style=\"color: #ff0000;\"><span style=\"text-decoration: underline;\">WIS<\/span> : Web International School (Bachelor).<\/span><\/li>\n<\/ul>\n<div id=\"attachment_71\" style=\"width: 165px\" class=\"wp-caption aligncenter\"><a href=\"http:\/\/www.wis-ecoles.com\/\" target=\"_blank\" rel=\"noopener noreferrer\"><img aria-describedby=\"caption-attachment-71\" loading=\"lazy\" class=\"wp-image-71\" src=\"http:\/\/herve-loevenbruck.com\/wp-content\/uploads\/2015\/11\/logo-WIS.jpg\" alt=\"logo WIS\" width=\"155\" height=\"159\" \/><\/a><p id=\"caption-attachment-71\" class=\"wp-caption-text\">Bachelor d\u00e9di\u00e9 au web.<\/p><\/div>\n<ul style=\"list-style-type: disc;\">\n<li style=\"text-align: center;\"><a href=\"https:\/\/www.montpellier-bs.com\/\">Montpellier Business School (e-R\u00e9putation)<\/a><\/li>\n<\/ul>\n<div id=\"attachment_194\" style=\"width: 154px\" class=\"wp-caption aligncenter\"><img aria-describedby=\"caption-attachment-194\" loading=\"lazy\" class=\"size-full wp-image-194\" src=\"https:\/\/herve-loevenbruck.com\/wp-content\/uploads\/2015\/11\/LOGO-MBS.jpg\" alt=\"Ecole sup\u00e9rieure de Commerce de Montpellier\" width=\"144\" height=\"144\" \/><p id=\"caption-attachment-194\" class=\"wp-caption-text\">Ecole sup\u00e9rieure de Commerce de Montpellier<\/p><\/div>\n<\/p><\/p>\n","protected":false},"excerpt":{"rendered":"<p>Voici quelques r\u00e9f\u00e9rences, entre autres, dans la gestion de la visibilit\u00e9 d\u2019entreprises. Le web marketing, l\u2019animation des r\u00e9seaux sociaux, la cr\u00e9ation et le r\u00e9f\u00e9rencement de sites web (sous wordpress) et enfin la formation et l\u2019enseignement&#8230;<\/p>\n","protected":false},"author":1,"featured_media":183,"parent":0,"menu_order":2,"comment_status":"closed","ping_status":"closed","template":"","meta":{"_mi_skip_tracking":false},"yoast_head":"<!-- This site is optimized with the Yoast SEO plugin v17.5 - https:\/\/yoast.com\/wordpress\/plugins\/seo\/ -->\n<title>REFERENCES | DIGITAL Marketing &amp; e-R\u00e9putation \/ FORMATION \/ Community Management \/ RGPD \/ Montpellier Grand Sud \/ 06 77 08 64 64<\/title>\n<meta name=\"description\" content=\"Mes r\u00e9f\u00e9rences dans l\u2019animation des r\u00e9seaux sociaux, la cr\u00e9ation et le r\u00e9f\u00e9rencement de sites web (sous wordpress) et la formation.\" \/>\n<meta name=\"robots\" content=\"index, follow, max-snippet:-1, max-image-preview:large, max-video-preview:-1\" \/>\n<link rel=\"canonical\" href=\"https:\/\/herve-loevenbruck.com\/?page_id=50\" \/>\n<meta property=\"og:locale\" content=\"fr_FR\" \/>\n<meta property=\"og:type\" content=\"article\" \/>\n<meta property=\"og:title\" content=\"REFERENCES | DIGITAL Marketing &amp; e-R\u00e9putation \/ FORMATION \/ Community Management \/ RGPD \/ Montpellier Grand Sud \/ 06 77 08 64 64\" \/>\n<meta property=\"og:description\" content=\"Mes r\u00e9f\u00e9rences dans l\u2019animation des r\u00e9seaux sociaux, la cr\u00e9ation et le r\u00e9f\u00e9rencement de sites web (sous wordpress) et la formation.\" \/>\n<meta property=\"og:url\" content=\"https:\/\/herve-loevenbruck.com\/?page_id=50\" \/>\n<meta property=\"og:site_name\" content=\"DIGITAL Marketing &amp; e-R\u00e9putation \/ FORMATION \/ Community Management \/ RGPD \/ Montpellier Grand Sud \/ 06 77 08 64 64\" \/>\n<meta property=\"article:publisher\" content=\"https:\/\/www.facebook.com\/herve.loevenbruck\" \/>\n<meta property=\"article:modified_time\" content=\"2021-11-09T09:55:08+00:00\" \/>\n<meta property=\"og:image\" content=\"https:\/\/herve-loevenbruck.com\/wp-content\/uploads\/2015\/11\/UFR-STAPS-e1521577389723.jpg\" \/>\n\t<meta property=\"og:image:width\" content=\"250\" \/>\n\t<meta property=\"og:image:height\" content=\"250\" \/>\n<meta name=\"twitter:card\" content=\"summary_large_image\" \/>\n<meta name=\"twitter:site\" content=\"@Rv_Loevenbruck\" \/>\n<meta name=\"twitter:label1\" content=\"Dur\u00e9e de lecture est.\" \/>\n\t<meta name=\"twitter:data1\" content=\"3 minutes\" \/>\n<script type=\"application\/ld+json\" class=\"yoast-schema-graph\">{\"@context\":\"https:\/\/schema.org\",\"@graph\":[{\"@type\":\"WebSite\",\"@id\":\"https:\/\/herve-loevenbruck.com\/#website\",\"url\":\"https:\/\/herve-loevenbruck.com\/\",\"name\":\"DIGITAL Marketing &amp; e-R\\u00e9putation \/ FORMATION \/ Community Management \/ RGPD \/ Montpellier Grand Sud \/ 06 77 08 64 64\",\"description\":\"Le cyberfolio d&#039;Herv\\u00e9 Loevenbruck\",\"potentialAction\":[{\"@type\":\"SearchAction\",\"target\":{\"@type\":\"EntryPoint\",\"urlTemplate\":\"https:\/\/herve-loevenbruck.com\/?s={search_term_string}\"},\"query-input\":\"required name=search_term_string\"}],\"inLanguage\":\"fr-FR\"},{\"@type\":\"ImageObject\",\"@id\":\"https:\/\/herve-loevenbruck.com\/?page_id=50#primaryimage\",\"inLanguage\":\"fr-FR\",\"url\":\"https:\/\/herve-loevenbruck.com\/wp-content\/uploads\/2015\/11\/UFR-STAPS-e1521577389723.jpg\",\"contentUrl\":\"https:\/\/herve-loevenbruck.com\/wp-content\/uploads\/2015\/11\/UFR-STAPS-e1521577389723.jpg\",\"width\":250,\"height\":250,\"caption\":\"Facult\\u00e9 de sport\"},{\"@type\":\"WebPage\",\"@id\":\"https:\/\/herve-loevenbruck.com\/?page_id=50#webpage\",\"url\":\"https:\/\/herve-loevenbruck.com\/?page_id=50\",\"name\":\"REFERENCES | DIGITAL Marketing &amp; e-R\\u00e9putation \/ FORMATION \/ Community Management \/ RGPD \/ Montpellier Grand Sud \/ 06 77 08 64 64\",\"isPartOf\":{\"@id\":\"https:\/\/herve-loevenbruck.com\/#website\"},\"primaryImageOfPage\":{\"@id\":\"https:\/\/herve-loevenbruck.com\/?page_id=50#primaryimage\"},\"datePublished\":\"2015-11-13T11:18:14+00:00\",\"dateModified\":\"2021-11-09T09:55:08+00:00\",\"description\":\"Mes r\\u00e9f\\u00e9rences dans l\\u2019animation des r\\u00e9seaux sociaux, la cr\\u00e9ation et le r\\u00e9f\\u00e9rencement de sites web (sous wordpress) et la formation.\",\"breadcrumb\":{\"@id\":\"https:\/\/herve-loevenbruck.com\/?page_id=50#breadcrumb\"},\"inLanguage\":\"fr-FR\",\"potentialAction\":[{\"@type\":\"ReadAction\",\"target\":[\"https:\/\/herve-loevenbruck.com\/?page_id=50\"]}]},{\"@type\":\"BreadcrumbList\",\"@id\":\"https:\/\/herve-loevenbruck.com\/?page_id=50#breadcrumb\",\"itemListElement\":[{\"@type\":\"ListItem\",\"position\":1,\"name\":\"Accueil\",\"item\":\"https:\/\/herve-loevenbruck.com\/\"},{\"@type\":\"ListItem\",\"position\":2,\"name\":\"REFERENCES\"}]}]}<\/script>\n<!-- \/ Yoast SEO plugin. -->","yoast_head_json":{"title":"REFERENCES | DIGITAL Marketing &amp; e-R\u00e9putation \/ FORMATION \/ Community Management \/ RGPD \/ Montpellier Grand Sud \/ 06 77 08 64 64","description":"Mes r\u00e9f\u00e9rences dans l\u2019animation des r\u00e9seaux sociaux, la cr\u00e9ation et le r\u00e9f\u00e9rencement de sites web (sous wordpress) et la formation.","robots":{"index":"index","follow":"follow","max-snippet":"max-snippet:-1","max-image-preview":"max-image-preview:large","max-video-preview":"max-video-preview:-1"},"canonical":"https:\/\/herve-loevenbruck.com\/?page_id=50","og_locale":"fr_FR","og_type":"article","og_title":"REFERENCES | DIGITAL Marketing &amp; e-R\u00e9putation \/ FORMATION \/ Community Management \/ RGPD \/ Montpellier Grand Sud \/ 06 77 08 64 64","og_description":"Mes r\u00e9f\u00e9rences dans l\u2019animation des r\u00e9seaux sociaux, la cr\u00e9ation et le r\u00e9f\u00e9rencement de sites web (sous wordpress) et la formation.","og_url":"https:\/\/herve-loevenbruck.com\/?page_id=50","og_site_name":"DIGITAL Marketing &amp; e-R\u00e9putation \/ FORMATION \/ Community Management \/ RGPD \/ Montpellier Grand Sud \/ 06 77 08 64 64","article_publisher":"https:\/\/www.facebook.com\/herve.loevenbruck","article_modified_time":"2021-11-09T09:55:08+00:00","og_image":[{"width":250,"height":250,"url":"https:\/\/herve-loevenbruck.com\/wp-content\/uploads\/2015\/11\/UFR-STAPS-e1521577389723.jpg","type":"image\/jpeg"}],"twitter_card":"summary_large_image","twitter_site":"@Rv_Loevenbruck","twitter_misc":{"Dur\u00e9e de lecture est.":"3 minutes"},"schema":{"@context":"https:\/\/schema.org","@graph":[{"@type":"WebSite","@id":"https:\/\/herve-loevenbruck.com\/#website","url":"https:\/\/herve-loevenbruck.com\/","name":"DIGITAL Marketing &amp; e-R\u00e9putation \/ FORMATION \/ Community Management \/ RGPD \/ Montpellier Grand Sud \/ 06 77 08 64 64","description":"Le cyberfolio d&#039;Herv\u00e9 Loevenbruck","potentialAction":[{"@type":"SearchAction","target":{"@type":"EntryPoint","urlTemplate":"https:\/\/herve-loevenbruck.com\/?s={search_term_string}"},"query-input":"required name=search_term_string"}],"inLanguage":"fr-FR"},{"@type":"ImageObject","@id":"https:\/\/herve-loevenbruck.com\/?page_id=50#primaryimage","inLanguage":"fr-FR","url":"https:\/\/herve-loevenbruck.com\/wp-content\/uploads\/2015\/11\/UFR-STAPS-e1521577389723.jpg","contentUrl":"https:\/\/herve-loevenbruck.com\/wp-content\/uploads\/2015\/11\/UFR-STAPS-e1521577389723.jpg","width":250,"height":250,"caption":"Facult\u00e9 de sport"},{"@type":"WebPage","@id":"https:\/\/herve-loevenbruck.com\/?page_id=50#webpage","url":"https:\/\/herve-loevenbruck.com\/?page_id=50","name":"REFERENCES | DIGITAL Marketing &amp; e-R\u00e9putation \/ FORMATION \/ Community Management \/ RGPD \/ Montpellier Grand Sud \/ 06 77 08 64 64","isPartOf":{"@id":"https:\/\/herve-loevenbruck.com\/#website"},"primaryImageOfPage":{"@id":"https:\/\/herve-loevenbruck.com\/?page_id=50#primaryimage"},"datePublished":"2015-11-13T11:18:14+00:00","dateModified":"2021-11-09T09:55:08+00:00","description":"Mes r\u00e9f\u00e9rences dans l\u2019animation des r\u00e9seaux sociaux, la cr\u00e9ation et le r\u00e9f\u00e9rencement de sites web (sous wordpress) et la formation.","breadcrumb":{"@id":"https:\/\/herve-loevenbruck.com\/?page_id=50#breadcrumb"},"inLanguage":"fr-FR","potentialAction":[{"@type":"ReadAction","target":["https:\/\/herve-loevenbruck.com\/?page_id=50"]}]},{"@type":"BreadcrumbList","@id":"https:\/\/herve-loevenbruck.com\/?page_id=50#breadcrumb","itemListElement":[{"@type":"ListItem","position":1,"name":"Accueil","item":"https:\/\/herve-loevenbruck.com\/"},{"@type":"ListItem","position":2,"name":"REFERENCES"}]}]}},"_links":{"self":[{"href":"https:\/\/herve-loevenbruck.com\/index.php?rest_route=\/wp\/v2\/pages\/50"}],"collection":[{"href":"https:\/\/herve-loevenbruck.com\/index.php?rest_route=\/wp\/v2\/pages"}],"about":[{"href":"https:\/\/herve-loevenbruck.com\/index.php?rest_route=\/wp\/v2\/types\/page"}],"author":[{"embeddable":true,"href":"https:\/\/herve-loevenbruck.com\/index.php?rest_route=\/wp\/v2\/users\/1"}],"replies":[{"embeddable":true,"href":"https:\/\/herve-loevenbruck.com\/index.php?rest_route=%2Fwp%2Fv2%2Fcomments&post=50"}],"version-history":[{"count":24,"href":"https:\/\/herve-loevenbruck.com\/index.php?rest_route=\/wp\/v2\/pages\/50\/revisions"}],"predecessor-version":[{"id":300,"href":"https:\/\/herve-loevenbruck.com\/index.php?rest_route=\/wp\/v2\/pages\/50\/revisions\/300"}],"wp:featuredmedia":[{"embeddable":true,"href":"https:\/\/herve-loevenbruck.com\/index.php?rest_route=\/wp\/v2\/media\/183"}],"wp:attachment":[{"href":"https:\/\/herve-loevenbruck.com\/index.php?rest_route=%2Fwp%2Fv2%2Fmedia&parent=50"}],"curies":[{"name":"wp","href":"https:\/\/api.w.org\/{rel}","templated":true}]}}