{"id":9,"date":"2015-11-13T11:05:01","date_gmt":"2015-11-13T10:05:01","guid":{"rendered":"http:\/\/herve-loevenbruck.com\/?page_id=9"},"modified":"2021-11-09T10:35:16","modified_gmt":"2021-11-09T09:35:16","slug":"competences-herve-loevenbruck","status":"publish","type":"page","link":"https:\/\/herve-loevenbruck.com\/?page_id=9","title":{"rendered":"COMPETENCES"},"content":{"rendered":"<p><img loading=\"lazy\" class=\"alignnone wp-image-10 size-full\" src=\"http:\/\/herve-loevenbruck.com\/wp-content\/uploads\/2015\/11\/cropped-rs1.jpg\" alt=\"cropped-rs1\" width=\"705\" height=\"435\" srcset=\"https:\/\/herve-loevenbruck.com\/wp-content\/uploads\/2015\/11\/cropped-rs1.jpg 705w, https:\/\/herve-loevenbruck.com\/wp-content\/uploads\/2015\/11\/cropped-rs1-300x185.jpg 300w, https:\/\/herve-loevenbruck.com\/wp-content\/uploads\/2015\/11\/cropped-rs1-357x220.jpg 357w\" sizes=\"(max-width: 705px) 100vw, 705px\" \/><\/p>\n<p>Mes comp\u00e9tences sont aussi compl\u00e9mentaires que vari\u00e9es :<\/p>\n<ul>\n<li>E-marketing.<\/li>\n<li>Audit de la visibilit\u00e9 d\u2019une entreprise sur le web.<\/li>\n<li>E-r\u00e9putation (personal branding et marque employeur).<\/li>\n<li>Gestion et animation de communaut\u00e9 sur les r\u00e9seaux sociaux.<\/li>\n<li>Cr\u00e9ation de site internet (CMS \u2013 WORDPRESS et WIX).<\/li>\n<li>R\u00e9f\u00e9rencement naturel (SEO).<\/li>\n<li>R\u00e9daction et optimisation de contenus.<\/li>\n<li>FORMATION (<a href=\"http:\/\/herve-loevenbruck.com\/index.php\/references\/\" target=\"_blank\" rel=\"noopener noreferrer\">r\u00e9f\u00e9rences clients<\/a>).<\/li>\n<li>ENSEIGNEMENT (Montpellier Business School, Universit\u00e9 Paul Val\u00e9ry, IDRAC, EFCDE).<\/li>\n<\/ul>\n","protected":false},"excerpt":{"rendered":"<p>Mes comp\u00e9tences sont aussi compl\u00e9mentaires que vari\u00e9es : E-marketing. Audit de la visibilit\u00e9 d\u2019une entreprise sur le web. E-r\u00e9putation (personal branding et marque employeur). Gestion et animation de communaut\u00e9 sur les r\u00e9seaux sociaux. Cr\u00e9ation de&#8230;<\/p>\n","protected":false},"author":1,"featured_media":0,"parent":0,"menu_order":1,"comment_status":"closed","ping_status":"closed","template":"","meta":{"_mi_skip_tracking":false},"yoast_head":"<!-- This site is optimized with the Yoast SEO plugin v17.5 - https:\/\/yoast.com\/wordpress\/plugins\/seo\/ -->\n<title>Les comp\u00e9tences d&#039;Herv\u00e9 Loevenbruck : e-r\u00e9putation et web marketing<\/title>\n<meta name=\"description\" content=\"Mes comp\u00e9tences sont compl\u00e9mentaires et vari\u00e9es : web marketing, e-r\u00e9putation, CM...\" \/>\n<meta name=\"robots\" content=\"index, follow, max-snippet:-1, max-image-preview:large, max-video-preview:-1\" \/>\n<link rel=\"canonical\" href=\"https:\/\/herve-loevenbruck.com\/?page_id=9\" \/>\n<meta property=\"og:locale\" content=\"fr_FR\" \/>\n<meta property=\"og:type\" content=\"article\" \/>\n<meta property=\"og:title\" content=\"Les comp\u00e9tences d&#039;Herv\u00e9 Loevenbruck : e-r\u00e9putation et web marketing\" \/>\n<meta property=\"og:description\" content=\"Mes comp\u00e9tences sont compl\u00e9mentaires et vari\u00e9es : web marketing, e-r\u00e9putation, CM...\" \/>\n<meta property=\"og:url\" content=\"https:\/\/herve-loevenbruck.com\/?page_id=9\" \/>\n<meta property=\"og:site_name\" content=\"DIGITAL Marketing &amp; e-R\u00e9putation \/ FORMATION \/ Community Management \/ RGPD \/ Montpellier Grand Sud \/ 06 77 08 64 64\" \/>\n<meta property=\"article:publisher\" content=\"https:\/\/www.facebook.com\/herve.loevenbruck\" \/>\n<meta property=\"article:modified_time\" content=\"2021-11-09T09:35:16+00:00\" \/>\n<meta property=\"og:image\" content=\"http:\/\/herve-loevenbruck.com\/wp-content\/uploads\/2015\/11\/cropped-rs1.jpg\" \/>\n<meta name=\"twitter:card\" content=\"summary_large_image\" \/>\n<meta name=\"twitter:title\" content=\"Le cyberfolio d&#039;Herv\u00e9 Loevenbruck\" \/>\n<meta name=\"twitter:description\" content=\"Toutes les informations professionnelles d&#039;Herv\u00e9 Loevenbruck : web marketing, e-reputation et #CM\" \/>\n<meta name=\"twitter:image\" content=\"http:\/\/herve-loevenbruck.com\/wp-content\/uploads\/2015\/12\/logo_HL.jpg\" \/>\n<meta name=\"twitter:site\" content=\"@Rv_Loevenbruck\" \/>\n<meta name=\"twitter:label1\" content=\"Dur\u00e9e de lecture est.\" \/>\n\t<meta name=\"twitter:data1\" content=\"1 minute\" \/>\n<script type=\"application\/ld+json\" class=\"yoast-schema-graph\">{\"@context\":\"https:\/\/schema.org\",\"@graph\":[{\"@type\":\"WebSite\",\"@id\":\"https:\/\/herve-loevenbruck.com\/#website\",\"url\":\"https:\/\/herve-loevenbruck.com\/\",\"name\":\"DIGITAL Marketing &amp; e-R\\u00e9putation \/ FORMATION \/ Community Management \/ RGPD \/ Montpellier Grand Sud \/ 06 77 08 64 64\",\"description\":\"Le cyberfolio d&#039;Herv\\u00e9 Loevenbruck\",\"potentialAction\":[{\"@type\":\"SearchAction\",\"target\":{\"@type\":\"EntryPoint\",\"urlTemplate\":\"https:\/\/herve-loevenbruck.com\/?s={search_term_string}\"},\"query-input\":\"required name=search_term_string\"}],\"inLanguage\":\"fr-FR\"},{\"@type\":\"ImageObject\",\"@id\":\"https:\/\/herve-loevenbruck.com\/?page_id=9#primaryimage\",\"inLanguage\":\"fr-FR\",\"url\":\"\",\"contentUrl\":\"\"},{\"@type\":\"WebPage\",\"@id\":\"https:\/\/herve-loevenbruck.com\/?page_id=9#webpage\",\"url\":\"https:\/\/herve-loevenbruck.com\/?page_id=9\",\"name\":\"Les comp\\u00e9tences d'Herv\\u00e9 Loevenbruck : e-r\\u00e9putation et web marketing\",\"isPartOf\":{\"@id\":\"https:\/\/herve-loevenbruck.com\/#website\"},\"primaryImageOfPage\":{\"@id\":\"https:\/\/herve-loevenbruck.com\/?page_id=9#primaryimage\"},\"datePublished\":\"2015-11-13T10:05:01+00:00\",\"dateModified\":\"2021-11-09T09:35:16+00:00\",\"description\":\"Mes comp\\u00e9tences sont compl\\u00e9mentaires et vari\\u00e9es : web marketing, e-r\\u00e9putation, CM...\",\"breadcrumb\":{\"@id\":\"https:\/\/herve-loevenbruck.com\/?page_id=9#breadcrumb\"},\"inLanguage\":\"fr-FR\",\"potentialAction\":[{\"@type\":\"ReadAction\",\"target\":[\"https:\/\/herve-loevenbruck.com\/?page_id=9\"]}]},{\"@type\":\"BreadcrumbList\",\"@id\":\"https:\/\/herve-loevenbruck.com\/?page_id=9#breadcrumb\",\"itemListElement\":[{\"@type\":\"ListItem\",\"position\":1,\"name\":\"Accueil\",\"item\":\"https:\/\/herve-loevenbruck.com\/\"},{\"@type\":\"ListItem\",\"position\":2,\"name\":\"COMPETENCES\"}]}]}<\/script>\n<!-- \/ Yoast SEO plugin. -->","yoast_head_json":{"title":"Les comp\u00e9tences d'Herv\u00e9 Loevenbruck : e-r\u00e9putation et web marketing","description":"Mes comp\u00e9tences sont compl\u00e9mentaires et vari\u00e9es : web marketing, e-r\u00e9putation, CM...","robots":{"index":"index","follow":"follow","max-snippet":"max-snippet:-1","max-image-preview":"max-image-preview:large","max-video-preview":"max-video-preview:-1"},"canonical":"https:\/\/herve-loevenbruck.com\/?page_id=9","og_locale":"fr_FR","og_type":"article","og_title":"Les comp\u00e9tences d'Herv\u00e9 Loevenbruck : e-r\u00e9putation et web marketing","og_description":"Mes comp\u00e9tences sont compl\u00e9mentaires et vari\u00e9es : web marketing, e-r\u00e9putation, CM...","og_url":"https:\/\/herve-loevenbruck.com\/?page_id=9","og_site_name":"DIGITAL Marketing &amp; e-R\u00e9putation \/ FORMATION \/ Community Management \/ RGPD \/ Montpellier Grand Sud \/ 06 77 08 64 64","article_publisher":"https:\/\/www.facebook.com\/herve.loevenbruck","article_modified_time":"2021-11-09T09:35:16+00:00","og_image":[{"url":"http:\/\/herve-loevenbruck.com\/wp-content\/uploads\/2015\/11\/cropped-rs1.jpg"}],"twitter_card":"summary_large_image","twitter_title":"Le cyberfolio d'Herv\u00e9 Loevenbruck","twitter_description":"Toutes les informations professionnelles d'Herv\u00e9 Loevenbruck : web marketing, e-reputation et #CM","twitter_image":"http:\/\/herve-loevenbruck.com\/wp-content\/uploads\/2015\/12\/logo_HL.jpg","twitter_site":"@Rv_Loevenbruck","twitter_misc":{"Dur\u00e9e de lecture est.":"1 minute"},"schema":{"@context":"https:\/\/schema.org","@graph":[{"@type":"WebSite","@id":"https:\/\/herve-loevenbruck.com\/#website","url":"https:\/\/herve-loevenbruck.com\/","name":"DIGITAL Marketing &amp; e-R\u00e9putation \/ FORMATION \/ Community Management \/ RGPD \/ Montpellier Grand Sud \/ 06 77 08 64 64","description":"Le cyberfolio d&#039;Herv\u00e9 Loevenbruck","potentialAction":[{"@type":"SearchAction","target":{"@type":"EntryPoint","urlTemplate":"https:\/\/herve-loevenbruck.com\/?s={search_term_string}"},"query-input":"required name=search_term_string"}],"inLanguage":"fr-FR"},{"@type":"ImageObject","@id":"https:\/\/herve-loevenbruck.com\/?page_id=9#primaryimage","inLanguage":"fr-FR","url":"","contentUrl":""},{"@type":"WebPage","@id":"https:\/\/herve-loevenbruck.com\/?page_id=9#webpage","url":"https:\/\/herve-loevenbruck.com\/?page_id=9","name":"Les comp\u00e9tences d'Herv\u00e9 Loevenbruck : e-r\u00e9putation et web marketing","isPartOf":{"@id":"https:\/\/herve-loevenbruck.com\/#website"},"primaryImageOfPage":{"@id":"https:\/\/herve-loevenbruck.com\/?page_id=9#primaryimage"},"datePublished":"2015-11-13T10:05:01+00:00","dateModified":"2021-11-09T09:35:16+00:00","description":"Mes comp\u00e9tences sont compl\u00e9mentaires et vari\u00e9es : web marketing, e-r\u00e9putation, CM...","breadcrumb":{"@id":"https:\/\/herve-loevenbruck.com\/?page_id=9#breadcrumb"},"inLanguage":"fr-FR","potentialAction":[{"@type":"ReadAction","target":["https:\/\/herve-loevenbruck.com\/?page_id=9"]}]},{"@type":"BreadcrumbList","@id":"https:\/\/herve-loevenbruck.com\/?page_id=9#breadcrumb","itemListElement":[{"@type":"ListItem","position":1,"name":"Accueil","item":"https:\/\/herve-loevenbruck.com\/"},{"@type":"ListItem","position":2,"name":"COMPETENCES"}]}]}},"_links":{"self":[{"href":"https:\/\/herve-loevenbruck.com\/index.php?rest_route=\/wp\/v2\/pages\/9"}],"collection":[{"href":"https:\/\/herve-loevenbruck.com\/index.php?rest_route=\/wp\/v2\/pages"}],"about":[{"href":"https:\/\/herve-loevenbruck.com\/index.php?rest_route=\/wp\/v2\/types\/page"}],"author":[{"embeddable":true,"href":"https:\/\/herve-loevenbruck.com\/index.php?rest_route=\/wp\/v2\/users\/1"}],"replies":[{"embeddable":true,"href":"https:\/\/herve-loevenbruck.com\/index.php?rest_route=%2Fwp%2Fv2%2Fcomments&post=9"}],"version-history":[{"count":6,"href":"https:\/\/herve-loevenbruck.com\/index.php?rest_route=\/wp\/v2\/pages\/9\/revisions"}],"predecessor-version":[{"id":295,"href":"https:\/\/herve-loevenbruck.com\/index.php?rest_route=\/wp\/v2\/pages\/9\/revisions\/295"}],"wp:attachment":[{"href":"https:\/\/herve-loevenbruck.com\/index.php?rest_route=%2Fwp%2Fv2%2Fmedia&parent=9"}],"curies":[{"name":"wp","href":"https:\/\/api.w.org\/{rel}","templated":true}]}}